{"id":5396,"date":"2018-10-27T06:20:32","date_gmt":"2018-10-27T04:20:32","guid":{"rendered":"https:\/\/templ.local\/?page_id=5396"},"modified":"2021-09-05T00:28:25","modified_gmt":"2021-09-04T22:28:25","slug":"lostpassword","status":"publish","type":"page","link":"https:\/\/dev.clone.templ.io\/sv\/lostpassword\/","title":{"rendered":"Lost Password"},"content":{"rendered":"<div class=\"tml tml-lostpassword\">\n<div class=\"tml-alerts\"><\/div><form name=\"lostpassword\" action=\"https:\/\/dev.clone.templ.io\/sv\/lostpassword\/\" method=\"post\">\n<div class=\"form-group\">\n<label class=\"tml-label\" for=\"user_login\">E-postadress<\/label>\n<input name=\"user_login\" type=\"text\" value=\"\" id=\"user_login\" autocapitalize=\"off\" class=\"form-control\" class=\"tml-field\">\n<\/div>\n\n\n<div class=\"form-group\">\n<button name=\"submit\" type=\"submit\" class=\"form-control\" class=\"tml-button\">Skaffa nytt l\u00f6senord<\/button>\n<\/div>\n\n<input name=\"redirect_to\" type=\"hidden\" value=\"\">\n\n<\/form>\n<\/div>\n\n\t\t<script>\n\t\t\/\/ Get query arg \"user_email\" and use it to set the value of field with name \"user_login\"\n\t\tconst urlParams = new URLSearchParams(window.location.search);\n\t\tlet userEmail = urlParams.get(\"user_email\");\n\t\tif(userEmail) {\n\t\t\tuserEmail = decodeURIComponent(userEmail);\n\t\t\tdocument.querySelector(\"input[name='user_login']\").value = userEmail;\n\t\t}\n\t\t<\/script>\n\t\t\n","protected":false},"excerpt":{"rendered":"","protected":false},"author":1,"featured_media":0,"parent":0,"menu_order":0,"comment_status":"closed","ping_status":"closed","template":"page-lost-password-sv.php","meta":[],"acf":[],"yoast_head":"<!-- This site is optimized with the Yoast SEO plugin v18.9 - https:\/\/yoast.com\/wordpress\/plugins\/seo\/ -->\n<title>Lost Password | Templ<\/title>\n<meta name=\"robots\" content=\"noindex, follow\" \/>\n<meta property=\"og:locale\" content=\"sv_SE\" \/>\n<meta property=\"og:type\" content=\"article\" \/>\n<meta property=\"og:title\" content=\"Lost Password | Templ\" \/>\n<meta property=\"og:url\" content=\"https:\/\/dev.clone.templ.io\/sv\/lostpassword\/\" \/>\n<meta property=\"og:site_name\" content=\"Templ\" \/>\n<meta property=\"article:publisher\" content=\"https:\/\/www.facebook.com\/templhosting\/\" \/>\n<meta property=\"article:modified_time\" content=\"2021-09-04T22:28:25+00:00\" \/>\n<meta property=\"og:image\" content=\"https:\/\/dev.clone.templ.io\/app\/uploads\/2021\/10\/og-image-templ.png\" \/>\n\t<meta property=\"og:image:width\" content=\"1200\" \/>\n\t<meta property=\"og:image:height\" content=\"630\" \/>\n\t<meta property=\"og:image:type\" content=\"image\/png\" \/>\n<meta name=\"twitter:card\" content=\"summary_large_image\" \/>\n<meta name=\"twitter:site\" content=\"@templ_io\" \/>\n<script type=\"application\/ld+json\" class=\"yoast-schema-graph\">{\n\t    \"@context\": \"https:\/\/schema.org\",\n\t    \"@graph\": [\n\t        {\n\t            \"@type\": \"Organization\",\n\t            \"@id\": \"https:\/\/dev.clone.templ.io\/#organization\",\n\t            \"name\": \"Templ.io\",\n\t            \"url\": \"https:\/\/dev.clone.templ.io\/\",\n\t            \"sameAs\": [\n\t                \"https:\/\/www.instagram.com\/templ.io\/\",\n\t                \"https:\/\/www.linkedin.com\/company\/wootemple\/\",\n\t                \"https:\/\/www.youtube.com\/channel\/UC0bdV8I5teQzS2GhqCECx_Q\",\n\t                \"https:\/\/www.facebook.com\/templhosting\/\",\n\t                \"https:\/\/twitter.com\/templ_io\"\n\t            ],\n\t            \"logo\": {\n\t                \"@type\": \"ImageObject\",\n\t                \"inLanguage\": \"sv-SE\",\n\t                \"@id\": \"https:\/\/dev.clone.templ.io\/#\/schema\/logo\/image\/\",\n\t                \"url\": \"https:\/\/dev.clone.templ.io\/app\/uploads\/2021\/09\/templ-logo-blue.png\",\n\t                \"contentUrl\": \"https:\/\/dev.clone.templ.io\/app\/uploads\/2021\/09\/templ-logo-blue.png\",\n\t                \"width\": 1000,\n\t                \"height\": 336,\n\t                \"caption\": \"Templ.io\"\n\t            },\n\t            \"image\": {\n\t                \"@id\": \"https:\/\/dev.clone.templ.io\/#\/schema\/logo\/image\/\"\n\t            },\n\t            \"description\": \"Templ makes managing WordPress websites effortless. We help online shops, blogs, and business websites perform to their fullest potential. In an industry obsessed with tech, we value the human touch.\",\n\t            \"address\": {\n\t                \"@type\": \"PostalAddress\",\n\t                \"streetAddress\": \"K\u00e4rnbogatan 20\",\n\t                \"addressLocality\": \"Mariefred\",\n\t                \"addressRegion\": \"S\u00f6dermanlands l\u00e4n\",\n\t                \"postalCode\": \"647 33\",\n\t                \"addressCountry\": \"Sweden\"\n\t            },\n\t            \"contactPoint\": {\n\t                \"@type\": \"ContactPoint\",\n\t                \"telephone\": \"+46 8 559 25 681\",\n\t                \"contactType\": \"customer service\"\n\t            },\n\t            \"aggregateRating\": {\n\t                \"@type\": \"AggregateRating\",\n\t                \"ratingValue\": \"5.0\",\n\t                \"reviewCount\": \"108\"\n\t            }\n\t        },\n\t        {\n\t            \"@type\": \"WebSite\",\n\t            \"@id\": \"https:\/\/dev.clone.templ.io\/#website\",\n\t            \"url\": \"https:\/\/dev.clone.templ.io\/\",\n\t            \"name\": \"Templ\",\n\t            \"description\": \"Managed Google Cloud WordPress hosting made simple\",\n\t            \"publisher\": {\n\t                \"@id\": \"https:\/\/dev.clone.templ.io\/#organization\"\n\t            },\n\t            \"potentialAction\": [],\n\t            \"inLanguage\": \"sv-SE\"\n\t        },\n\t        {\n\t            \"@type\": \"WebPage\",\n\t            \"@id\": \"https:\/\/dev.clone.templ.io\/sv\/lostpassword\/#webpage\",\n\t            \"url\": \"https:\/\/dev.clone.templ.io\/sv\/lostpassword\/\",\n\t            \"name\": \"Lost Password | Templ\",\n\t            \"isPartOf\": {\n\t                \"@id\": \"https:\/\/dev.clone.templ.io\/#website\"\n\t            },\n\t            \"datePublished\": \"2018-10-27T04:20:32+00:00\",\n\t            \"dateModified\": \"2021-09-04T22:28:25+00:00\",\n\t            \"breadcrumb\": {\n\t                \"@id\": \"https:\/\/dev.clone.templ.io\/sv\/lostpassword\/#breadcrumb\"\n\t            },\n\t            \"inLanguage\": \"sv-SE\",\n\t            \"potentialAction\": [\n\t                {\n\t                    \"@type\": \"ReadAction\",\n\t                    \"target\": [\n\t                        \"https:\/\/dev.clone.templ.io\/sv\/lostpassword\/\"\n\t                    ]\n\t                }\n\t            ]\n\t        },\n\t        {\n\t            \"@type\": \"BreadcrumbList\",\n\t            \"@id\": \"https:\/\/dev.clone.templ.io\/sv\/lostpassword\/#breadcrumb\",\n\t            \"itemListElement\": [\n\t                {\n\t                    \"@type\": \"ListItem\",\n\t                    \"position\": 1,\n\t                    \"name\": \"Home\",\n\t                    \"item\": \"https:\/\/dev.clone.templ.io\/sv\/\"\n\t                },\n\t                {\n\t                    \"@type\": \"ListItem\",\n\t                    \"position\": 2,\n\t                    \"name\": \"Lost Password\"\n\t                }\n\t            ]\n\t        }\n\t    ]\n\t}<\/script>\n<!-- \/ Yoast SEO plugin. -->","yoast_head_json":{"title":"Lost Password | Templ","robots":{"index":"noindex","follow":"follow"},"og_locale":"sv_SE","og_type":"article","og_title":"Lost Password | Templ","og_url":"https:\/\/dev.clone.templ.io\/sv\/lostpassword\/","og_site_name":"Templ","article_publisher":"https:\/\/www.facebook.com\/templhosting\/","article_modified_time":"2021-09-04T22:28:25+00:00","og_image":[{"width":1200,"height":630,"url":"https:\/\/dev.clone.templ.io\/app\/uploads\/2021\/10\/og-image-templ.png","type":"image\/png"}],"twitter_card":"summary_large_image","twitter_site":"@templ_io","schema":{"@context":"https:\/\/schema.org","@graph":[{"@type":"Organization","@id":"https:\/\/dev.clone.templ.io\/#organization","name":"Templ.io","url":"https:\/\/dev.clone.templ.io\/","sameAs":["https:\/\/www.instagram.com\/templ.io\/","https:\/\/www.linkedin.com\/company\/wootemple\/","https:\/\/www.youtube.com\/channel\/UC0bdV8I5teQzS2GhqCECx_Q","https:\/\/www.facebook.com\/templhosting\/","https:\/\/twitter.com\/templ_io"],"logo":{"@type":"ImageObject","inLanguage":"sv-SE","@id":"https:\/\/dev.clone.templ.io\/#\/schema\/logo\/image\/","url":"https:\/\/dev.clone.templ.io\/app\/uploads\/2021\/09\/templ-logo-blue.png","contentUrl":"https:\/\/dev.clone.templ.io\/app\/uploads\/2021\/09\/templ-logo-blue.png","width":1000,"height":336,"caption":"Templ.io"},"image":{"@id":"https:\/\/dev.clone.templ.io\/#\/schema\/logo\/image\/"},"description":"Templ makes managing WordPress websites effortless. We help online shops, blogs, and business websites perform to their fullest potential. In an industry obsessed with tech, we value the human touch.","address":{"@type":"PostalAddress","streetAddress":"K\u00e4rnbogatan 20","addressLocality":"Mariefred","addressRegion":"S\u00f6dermanlands l\u00e4n","postalCode":"647 33","addressCountry":"Sweden"},"contactPoint":{"@type":"ContactPoint","telephone":"+46 8 559 25 681","contactType":"customer service"},"aggregateRating":{"@type":"AggregateRating","ratingValue":"5.0","reviewCount":"108"}},{"@type":"WebSite","@id":"https:\/\/dev.clone.templ.io\/#website","url":"https:\/\/dev.clone.templ.io\/","name":"Templ","description":"Managed Google Cloud WordPress hosting made simple","publisher":{"@id":"https:\/\/dev.clone.templ.io\/#organization"},"potentialAction":[],"inLanguage":"sv-SE"},{"@type":"WebPage","@id":"https:\/\/dev.clone.templ.io\/sv\/lostpassword\/#webpage","url":"https:\/\/dev.clone.templ.io\/sv\/lostpassword\/","name":"Lost Password | Templ","isPartOf":{"@id":"https:\/\/dev.clone.templ.io\/#website"},"datePublished":"2018-10-27T04:20:32+00:00","dateModified":"2021-09-04T22:28:25+00:00","breadcrumb":{"@id":"https:\/\/dev.clone.templ.io\/sv\/lostpassword\/#breadcrumb"},"inLanguage":"sv-SE","potentialAction":[{"@type":"ReadAction","target":["https:\/\/dev.clone.templ.io\/sv\/lostpassword\/"]}]},{"@type":"BreadcrumbList","@id":"https:\/\/dev.clone.templ.io\/sv\/lostpassword\/#breadcrumb","itemListElement":[{"@type":"ListItem","position":1,"name":"Home","item":"https:\/\/dev.clone.templ.io\/sv\/"},{"@type":"ListItem","position":2,"name":"Lost Password"}]}]}},"_links":{"self":[{"href":"https:\/\/dev.clone.templ.io\/sv\/wp-json\/wp\/v2\/pages\/5396"}],"collection":[{"href":"https:\/\/dev.clone.templ.io\/sv\/wp-json\/wp\/v2\/pages"}],"about":[{"href":"https:\/\/dev.clone.templ.io\/sv\/wp-json\/wp\/v2\/types\/page"}],"author":[{"embeddable":true,"href":"https:\/\/dev.clone.templ.io\/sv\/wp-json\/wp\/v2\/users\/1"}],"replies":[{"embeddable":true,"href":"https:\/\/dev.clone.templ.io\/sv\/wp-json\/wp\/v2\/comments?post=5396"}],"version-history":[{"count":0,"href":"https:\/\/dev.clone.templ.io\/sv\/wp-json\/wp\/v2\/pages\/5396\/revisions"}],"wp:attachment":[{"href":"https:\/\/dev.clone.templ.io\/sv\/wp-json\/wp\/v2\/media?parent=5396"}],"curies":[{"name":"wp","href":"https:\/\/api.w.org\/{rel}","templated":true}]}}