{"id":49665,"date":"2022-01-14T09:27:34","date_gmt":"2022-01-14T08:27:34","guid":{"rendered":"https:\/\/templ.local\/?page_id=49665"},"modified":"2022-02-07T10:45:56","modified_gmt":"2022-02-07T09:45:56","slug":"support-features","status":"publish","type":"page","link":"https:\/\/dev.clone.templ.io\/sv\/support-features\/","title":{"rendered":"Support features"},"content":{"rendered":"\n<section id=\"hero-block_61e133a22d88c\" class=\"templ-section hero-block full-height animate-background\">\n        <div class=\"container\">\n            \n\n<div class=\"row pb-4 align-items-center\">\n          <div class=\"col-lg-5\">\n            <h1 class=\"ani-up-hero\">Support<\/h1>\n            <p class=\"mb-4 ani-up-hero\">Hos oss kan du f\u00e5 hj\u00e4lp med allting som r\u00f6r din WordPress-sajt. Uppdateringar, fels\u00f6kning, uptime-\u00f6vervakning, kod\u00e4ndringar, borttagning av malware &#8211; vi fixar rubbet.\n<\/p>\n           \n            \n          <\/div>\n          <div id=\"hero-support-ani\" class=\"ani-up-hero col-lg-7 mt-3 mt-lg-0\"><\/div>\n        <\/div>\n\n\n        <\/div>\n    <\/section>\n\n<style>\n    body {\n        background-color: #e3f8f3;\n    }\n<\/style>\n","protected":false},"excerpt":{"rendered":"","protected":false},"author":9,"featured_media":0,"parent":0,"menu_order":0,"comment_status":"closed","ping_status":"closed","template":"page-support-features-sv.php","meta":[],"acf":[],"yoast_head":"<!-- This site is optimized with the Yoast SEO plugin v18.9 - https:\/\/yoast.com\/wordpress\/plugins\/seo\/ -->\n<title>Support | Templ<\/title>\n<meta name=\"description\" content=\"Vi hj\u00e4lper till med allt som r\u00f6r din WordPress-sajt. Uppdateringar, uptime-\u00f6vervakning, kod\u00e4ndringar, borttagning av malware - vi fixar rubbet.\" \/>\n<meta name=\"robots\" content=\"index, follow, max-snippet:-1, max-image-preview:large, max-video-preview:-1\" \/>\n<link rel=\"canonical\" href=\"https:\/\/dev.clone.templ.io\/sv\/support-features\/\" \/>\n<meta property=\"og:locale\" content=\"sv_SE\" \/>\n<meta property=\"og:type\" content=\"article\" \/>\n<meta property=\"og:title\" content=\"Support | Templ\" \/>\n<meta property=\"og:description\" content=\"Vi hj\u00e4lper till med allt som r\u00f6r din WordPress-sajt. Uppdateringar, uptime-\u00f6vervakning, kod\u00e4ndringar, borttagning av malware - vi fixar rubbet.\" \/>\n<meta property=\"og:url\" content=\"https:\/\/dev.clone.templ.io\/sv\/support-features\/\" \/>\n<meta property=\"og:site_name\" content=\"Templ\" \/>\n<meta property=\"article:publisher\" content=\"https:\/\/www.facebook.com\/templhosting\/\" \/>\n<meta property=\"article:modified_time\" content=\"2022-02-07T09:45:56+00:00\" \/>\n<meta property=\"og:image\" content=\"https:\/\/dev.clone.templ.io\/app\/uploads\/2021\/10\/og-image-templ.png\" \/>\n\t<meta property=\"og:image:width\" content=\"1200\" \/>\n\t<meta property=\"og:image:height\" content=\"630\" \/>\n\t<meta property=\"og:image:type\" content=\"image\/png\" \/>\n<meta name=\"twitter:card\" content=\"summary_large_image\" \/>\n<meta name=\"twitter:site\" content=\"@templ_io\" \/>\n<script type=\"application\/ld+json\" class=\"yoast-schema-graph\">{\n\t    \"@context\": \"https:\/\/schema.org\",\n\t    \"@graph\": [\n\t        {\n\t            \"@type\": \"Organization\",\n\t            \"@id\": \"https:\/\/dev.clone.templ.io\/#organization\",\n\t            \"name\": \"Templ.io\",\n\t            \"url\": \"https:\/\/dev.clone.templ.io\/\",\n\t            \"sameAs\": [\n\t                \"https:\/\/www.instagram.com\/templ.io\/\",\n\t                \"https:\/\/www.linkedin.com\/company\/wootemple\/\",\n\t                \"https:\/\/www.youtube.com\/channel\/UC0bdV8I5teQzS2GhqCECx_Q\",\n\t                \"https:\/\/www.facebook.com\/templhosting\/\",\n\t                \"https:\/\/twitter.com\/templ_io\"\n\t            ],\n\t            \"logo\": {\n\t                \"@type\": \"ImageObject\",\n\t                \"inLanguage\": \"sv-SE\",\n\t                \"@id\": \"https:\/\/dev.clone.templ.io\/#\/schema\/logo\/image\/\",\n\t                \"url\": \"https:\/\/dev.clone.templ.io\/app\/uploads\/2021\/09\/templ-logo-blue.png\",\n\t                \"contentUrl\": \"https:\/\/dev.clone.templ.io\/app\/uploads\/2021\/09\/templ-logo-blue.png\",\n\t                \"width\": 1000,\n\t                \"height\": 336,\n\t                \"caption\": \"Templ.io\"\n\t            },\n\t            \"image\": {\n\t                \"@id\": \"https:\/\/dev.clone.templ.io\/#\/schema\/logo\/image\/\"\n\t            },\n\t            \"description\": \"Templ makes managing WordPress websites effortless. We help online shops, blogs, and business websites perform to their fullest potential. In an industry obsessed with tech, we value the human touch.\",\n\t            \"address\": {\n\t                \"@type\": \"PostalAddress\",\n\t                \"streetAddress\": \"K\u00e4rnbogatan 20\",\n\t                \"addressLocality\": \"Mariefred\",\n\t                \"addressRegion\": \"S\u00f6dermanlands l\u00e4n\",\n\t                \"postalCode\": \"647 33\",\n\t                \"addressCountry\": \"Sweden\"\n\t            },\n\t            \"contactPoint\": {\n\t                \"@type\": \"ContactPoint\",\n\t                \"telephone\": \"+46 8 559 25 681\",\n\t                \"contactType\": \"customer service\"\n\t            },\n\t            \"aggregateRating\": {\n\t                \"@type\": \"AggregateRating\",\n\t                \"ratingValue\": \"5.0\",\n\t                \"reviewCount\": \"108\"\n\t            }\n\t        },\n\t        {\n\t            \"@type\": \"WebSite\",\n\t            \"@id\": \"https:\/\/dev.clone.templ.io\/#website\",\n\t            \"url\": \"https:\/\/dev.clone.templ.io\/\",\n\t            \"name\": \"Templ\",\n\t            \"description\": \"Managed Google Cloud WordPress hosting made simple\",\n\t            \"publisher\": {\n\t                \"@id\": \"https:\/\/dev.clone.templ.io\/#organization\"\n\t            },\n\t            \"potentialAction\": [],\n\t            \"inLanguage\": \"sv-SE\"\n\t        },\n\t        {\n\t            \"@type\": \"WebPage\",\n\t            \"@id\": \"https:\/\/dev.clone.templ.io\/sv\/support-features\/#webpage\",\n\t            \"url\": \"https:\/\/dev.clone.templ.io\/sv\/support-features\/\",\n\t            \"name\": \"Support | Templ\",\n\t            \"isPartOf\": {\n\t                \"@id\": \"https:\/\/dev.clone.templ.io\/#website\"\n\t            },\n\t            \"datePublished\": \"2022-01-14T08:27:34+00:00\",\n\t            \"dateModified\": \"2022-02-07T09:45:56+00:00\",\n\t            \"description\": \"Vi hj\u00e4lper till med allt som r\u00f6r din WordPress-sajt. Uppdateringar, uptime-\u00f6vervakning, kod\u00e4ndringar, borttagning av malware - vi fixar rubbet.\",\n\t            \"breadcrumb\": {\n\t                \"@id\": \"https:\/\/dev.clone.templ.io\/sv\/support-features\/#breadcrumb\"\n\t            },\n\t            \"inLanguage\": \"sv-SE\",\n\t            \"potentialAction\": [\n\t                {\n\t                    \"@type\": \"ReadAction\",\n\t                    \"target\": [\n\t                        \"https:\/\/dev.clone.templ.io\/sv\/support-features\/\"\n\t                    ]\n\t                }\n\t            ]\n\t        },\n\t        {\n\t            \"@type\": \"BreadcrumbList\",\n\t            \"@id\": \"https:\/\/dev.clone.templ.io\/sv\/support-features\/#breadcrumb\",\n\t            \"itemListElement\": [\n\t                {\n\t                    \"@type\": \"ListItem\",\n\t                    \"position\": 1,\n\t                    \"name\": \"Home\",\n\t                    \"item\": \"https:\/\/dev.clone.templ.io\/sv\/\"\n\t                },\n\t                {\n\t                    \"@type\": \"ListItem\",\n\t                    \"position\": 2,\n\t                    \"name\": \"Support features\"\n\t                }\n\t            ]\n\t        }\n\t    ]\n\t}<\/script>\n<!-- \/ Yoast SEO plugin. -->","yoast_head_json":{"title":"Support | Templ","description":"Vi hj\u00e4lper till med allt som r\u00f6r din WordPress-sajt. Uppdateringar, uptime-\u00f6vervakning, kod\u00e4ndringar, borttagning av malware - vi fixar rubbet.","robots":{"index":"index","follow":"follow","max-snippet":"max-snippet:-1","max-image-preview":"max-image-preview:large","max-video-preview":"max-video-preview:-1"},"canonical":"https:\/\/dev.clone.templ.io\/sv\/support-features\/","og_locale":"sv_SE","og_type":"article","og_title":"Support | Templ","og_description":"Vi hj\u00e4lper till med allt som r\u00f6r din WordPress-sajt. Uppdateringar, uptime-\u00f6vervakning, kod\u00e4ndringar, borttagning av malware - vi fixar rubbet.","og_url":"https:\/\/dev.clone.templ.io\/sv\/support-features\/","og_site_name":"Templ","article_publisher":"https:\/\/www.facebook.com\/templhosting\/","article_modified_time":"2022-02-07T09:45:56+00:00","og_image":[{"width":1200,"height":630,"url":"https:\/\/dev.clone.templ.io\/app\/uploads\/2021\/10\/og-image-templ.png","type":"image\/png"}],"twitter_card":"summary_large_image","twitter_site":"@templ_io","schema":{"@context":"https:\/\/schema.org","@graph":[{"@type":"Organization","@id":"https:\/\/dev.clone.templ.io\/#organization","name":"Templ.io","url":"https:\/\/dev.clone.templ.io\/","sameAs":["https:\/\/www.instagram.com\/templ.io\/","https:\/\/www.linkedin.com\/company\/wootemple\/","https:\/\/www.youtube.com\/channel\/UC0bdV8I5teQzS2GhqCECx_Q","https:\/\/www.facebook.com\/templhosting\/","https:\/\/twitter.com\/templ_io"],"logo":{"@type":"ImageObject","inLanguage":"sv-SE","@id":"https:\/\/dev.clone.templ.io\/#\/schema\/logo\/image\/","url":"https:\/\/dev.clone.templ.io\/app\/uploads\/2021\/09\/templ-logo-blue.png","contentUrl":"https:\/\/dev.clone.templ.io\/app\/uploads\/2021\/09\/templ-logo-blue.png","width":1000,"height":336,"caption":"Templ.io"},"image":{"@id":"https:\/\/dev.clone.templ.io\/#\/schema\/logo\/image\/"},"description":"Templ makes managing WordPress websites effortless. We help online shops, blogs, and business websites perform to their fullest potential. In an industry obsessed with tech, we value the human touch.","address":{"@type":"PostalAddress","streetAddress":"K\u00e4rnbogatan 20","addressLocality":"Mariefred","addressRegion":"S\u00f6dermanlands l\u00e4n","postalCode":"647 33","addressCountry":"Sweden"},"contactPoint":{"@type":"ContactPoint","telephone":"+46 8 559 25 681","contactType":"customer service"},"aggregateRating":{"@type":"AggregateRating","ratingValue":"5.0","reviewCount":"108"}},{"@type":"WebSite","@id":"https:\/\/dev.clone.templ.io\/#website","url":"https:\/\/dev.clone.templ.io\/","name":"Templ","description":"Managed Google Cloud WordPress hosting made simple","publisher":{"@id":"https:\/\/dev.clone.templ.io\/#organization"},"potentialAction":[],"inLanguage":"sv-SE"},{"@type":"WebPage","@id":"https:\/\/dev.clone.templ.io\/sv\/support-features\/#webpage","url":"https:\/\/dev.clone.templ.io\/sv\/support-features\/","name":"Support | Templ","isPartOf":{"@id":"https:\/\/dev.clone.templ.io\/#website"},"datePublished":"2022-01-14T08:27:34+00:00","dateModified":"2022-02-07T09:45:56+00:00","description":"Vi hj\u00e4lper till med allt som r\u00f6r din WordPress-sajt. Uppdateringar, uptime-\u00f6vervakning, kod\u00e4ndringar, borttagning av malware - vi fixar rubbet.","breadcrumb":{"@id":"https:\/\/dev.clone.templ.io\/sv\/support-features\/#breadcrumb"},"inLanguage":"sv-SE","potentialAction":[{"@type":"ReadAction","target":["https:\/\/dev.clone.templ.io\/sv\/support-features\/"]}]},{"@type":"BreadcrumbList","@id":"https:\/\/dev.clone.templ.io\/sv\/support-features\/#breadcrumb","itemListElement":[{"@type":"ListItem","position":1,"name":"Home","item":"https:\/\/dev.clone.templ.io\/sv\/"},{"@type":"ListItem","position":2,"name":"Support features"}]}]}},"_links":{"self":[{"href":"https:\/\/dev.clone.templ.io\/sv\/wp-json\/wp\/v2\/pages\/49665"}],"collection":[{"href":"https:\/\/dev.clone.templ.io\/sv\/wp-json\/wp\/v2\/pages"}],"about":[{"href":"https:\/\/dev.clone.templ.io\/sv\/wp-json\/wp\/v2\/types\/page"}],"author":[{"embeddable":true,"href":"https:\/\/dev.clone.templ.io\/sv\/wp-json\/wp\/v2\/users\/9"}],"replies":[{"embeddable":true,"href":"https:\/\/dev.clone.templ.io\/sv\/wp-json\/wp\/v2\/comments?post=49665"}],"version-history":[{"count":0,"href":"https:\/\/dev.clone.templ.io\/sv\/wp-json\/wp\/v2\/pages\/49665\/revisions"}],"wp:attachment":[{"href":"https:\/\/dev.clone.templ.io\/sv\/wp-json\/wp\/v2\/media?parent=49665"}],"curies":[{"name":"wp","href":"https:\/\/api.w.org\/{rel}","templated":true}]}}