{"id":4896,"date":"2018-07-30T13:53:32","date_gmt":"2018-07-30T11:53:32","guid":{"rendered":"https:\/\/templ.local\/?page_id=4896"},"modified":"2021-10-29T15:06:22","modified_gmt":"2021-10-29T13:06:22","slug":"webbyraer","status":"publish","type":"page","link":"https:\/\/dev.clone.templ.io\/sv\/webbyraer\/","title":{"rendered":"Templ f\u00f6r webbyr\u00e5er och frilansare"},"content":{"rendered":"\n<section id=\"hero-block_6133d98b7918c\" class=\"templ-section hero-block full-height animate-background\">\n        <div class=\"container\">\n            \n\n<div class=\"row pb-4 align-items-center\">\n          <div class=\"col-lg-5\">\n            <h1 class=\"ani-up-hero\">Hosting f\u00f6r WordPress-byr\u00e5er, stora som sm\u00e5.<\/h1>\n            <p class=\"mb-4 ani-up-hero\">Forts\u00e4tt bygga grymma grejer som g\u00f6r kunderna glada. Allt det d\u00e4r andra fixar Templ. \ud83d\ude80<\/p>\n            <a class=\"btn btn-primary me-1 ani-up-hero\" role=\"button\" href=\"..\/register\/\">Kom ig\u00e5ng<\/a>\n            <a class=\"btn btn-outline-primary ani-up-hero\" id=\"intercom-launcher\" role=\"button\"  href=\"#\">Chatta med oss<\/a>\n          <\/div>\n          <div id=\"hero-agency-ani\" class=\"ani-up-hero col-lg-7 mt-3 mt-lg-0\"><\/div>\n        <\/div>\n\n        <div class=\"row\">\n          <div class=\"tiny-features mt-3\">\n            <div><img src=\"data:image\/svg+xml;base64,PD94bWwgdmVyc2lvbj0iMS4wIiBlbmNvZGluZz0idXRmLTgiPz4KPCEtLSBHZW5lcmF0b3I6IEFkb2JlIElsbHVzdHJhdG9yIDI0LjMuMCwgU1ZHIEV4cG9ydCBQbHVnLUluIC4gU1ZHIFZlcnNpb246IDYuMDAgQnVpbGQgMCkgIC0tPgo8c3ZnIHZlcnNpb249IjEuMSIgaWQ9IndvcmsiIHhtbG5zPSJodHRwOi8vd3d3LnczLm9yZy8yMDAwL3N2ZyIgeG1sbnM6eGxpbms9Imh0dHA6Ly93d3cudzMub3JnLzE5OTkveGxpbmsiIHg9IjBweCIgeT0iMHB4IgoJIHZpZXdCb3g9IjAgMCAyMTAgMjEwIiBzdHlsZT0iZW5hYmxlLWJhY2tncm91bmQ6bmV3IDAgMCAyMTAgMjEwOyIgeG1sOnNwYWNlPSJwcmVzZXJ2ZSI+CjxzdHlsZSB0eXBlPSJ0ZXh0L2NzcyI+Cgkuc3Qwe2ZpbGw6IzEwMkQ0Nzt9Cgkuc3Qxe2ZpbGw6bm9uZTt9Cgkuc3Qye2ZpbGw6IzAwQkVGNjt9Cjwvc3R5bGU+CjxnPgoJPHBhdGggY2xhc3M9InN0MCIgZD0iTTE2LjcsNDEuMXYxMjcuOGg1Ni40di03SDIzLjdWNjloMTYyLjV2OTIuOWgwdjdoN1Y0MS4xSDE2Ljd6IE0yMy43LDYyVjQ4LjFoMTYyLjVWNjJIMjMuN3oiLz4KCTxnPgoJCTxwb2x5Z29uIGNsYXNzPSJzdDAiIHBvaW50cz0iMTc0LjcsMTcwLjcgMTU0LjksMTkwLjUgMTU0LjksMTMwLjMgMTQ3LjksMTMwLjMgMTQ3LjksMTkwLjUgMTI4LDE3MC43IDEyMy4xLDE3NS42IDE1MS40LDIwMy45IAoJCQkxNzkuNywxNzUuNiAJCSIvPgoJCTxwb2x5Z29uIGNsYXNzPSJzdDAiIHBvaW50cz0iMTM2LjMsMTUzLjYgMTA4LDEyNS4zIDc5LjcsMTUzLjYgODQuNywxNTguNiAxMDQuNSwxMzguNyAxMDQuNSwxOTkgMTExLjUsMTk5IDExMS41LDEzOC43IAoJCQkxMzEuNCwxNTguNiAJCSIvPgoJPC9nPgo8L2c+Cjwvc3ZnPgo=\" alt=\"Obegr\u00e4nsat med flytthj\u00e4lp\" class=\"\">Obegr\u00e4nsat med flytthj\u00e4lp<\/div>\n            <div><img src=\"data:image\/svg+xml;base64,PD94bWwgdmVyc2lvbj0iMS4wIiBlbmNvZGluZz0idXRmLTgiPz4KPCEtLSBHZW5lcmF0b3I6IEFkb2JlIElsbHVzdHJhdG9yIDI0LjMuMCwgU1ZHIEV4cG9ydCBQbHVnLUluIC4gU1ZHIFZlcnNpb246IDYuMDAgQnVpbGQgMCkgIC0tPgo8c3ZnIHZlcnNpb249IjEuMSIgaWQ9IndvcmsiIHhtbG5zPSJodHRwOi8vd3d3LnczLm9yZy8yMDAwL3N2ZyIgeG1sbnM6eGxpbms9Imh0dHA6Ly93d3cudzMub3JnLzE5OTkveGxpbmsiIHg9IjBweCIgeT0iMHB4IgoJIHZpZXdCb3g9IjAgMCAyMTAgMjEwIiBzdHlsZT0iZW5hYmxlLWJhY2tncm91bmQ6bmV3IDAgMCAyMTAgMjEwOyIgeG1sOnNwYWNlPSJwcmVzZXJ2ZSI+CjxzdHlsZSB0eXBlPSJ0ZXh0L2NzcyI+Cgkuc3Qwe2ZpbGw6IzEwMkQ0Nzt9Cgkuc3Qxe2ZpbGw6bm9uZTt9Cgkuc3Qye2ZpbGw6IzAwQkVGNjt9Cjwvc3R5bGU+CjxnPgoJPHBhdGggY2xhc3M9InN0MCIgZD0iTTEwOC40LDIwLjF2LTE3aC02Ljd2MTdjMS4xLDAsMi4yLTAuMSwzLjMtMC4xQzEwNi4yLDIwLjEsMTA3LjMsMjAuMSwxMDguNCwyMC4xeiIvPgoJPHBhdGggY2xhc3M9InN0MCIgZD0iTTU3LDE1LjJsLTUuOCwzLjNsOC41LDE0LjdjMS45LTEuMiwzLjgtMi4zLDUuOC0zLjNMNTcsMTUuMnoiLz4KCTxwYXRoIGNsYXNzPSJzdDAiIGQ9Ik0xOC41LDUxLjJMMTUuMiw1N2wxNC43LDguNWMxLTIsMi4xLTMuOSwzLjMtNS44TDE4LjUsNTEuMnoiLz4KCTxwYXRoIGNsYXNzPSJzdDAiIGQ9Ik0yMC4yLDEwMS43aC0xN3Y2LjdoMTdjMC0xLjEtMC4xLTIuMi0wLjEtMy4zQzIwLjEsMTAzLjksMjAuMSwxMDIuOCwyMC4yLDEwMS43eiIvPgoJPHBhdGggY2xhc3M9InN0MCIgZD0iTTE1LjIsMTUzbDMuMyw1LjhsMTQuNy04LjVjLTEuMi0xLjktMi4zLTMuOC0zLjMtNS44TDE1LjIsMTUzeiIvPgoJPHBhdGggY2xhc3M9InN0MCIgZD0iTTUxLjIsMTkxLjVsNS44LDMuM2w4LjUtMTQuN2MtMi0xLTMuOS0yLjEtNS44LTMuM0w1MS4yLDE5MS41eiIvPgoJPHBhdGggY2xhc3M9InN0MCIgZD0iTTEwMS43LDE4OS45djE3aDYuN3YtMTdjLTEuMSwwLTIuMiwwLjEtMy4zLDAuMUMxMDMuOSwxODkuOSwxMDIuOCwxODkuOSwxMDEuNywxODkuOXoiLz4KCTxnPgoJCTxwYXRoIGNsYXNzPSJzdDAiIGQ9Ik00MS4yLDEzNy41Yy01LTkuOC03LjgtMjAuOC03LjgtMzIuNWMwLTM5LjUsMzIuMS03MS42LDcxLjYtNzEuNmMxMS43LDAsMjIuNywyLjgsMzIuNSw3LjgKCQkJYy0wLjMtMC42LTAuNi0xLjItMC45LTEuOGwtNC4yLTcuOGMtOC41LTMuMi0xNy43LTQuOS0yNy4zLTQuOWMtNDMuMiwwLTc4LjMsMzUtNzguMyw3OC4zYzAsOS42LDEuNywxOC44LDQuOSwyNy4zbDcuOCw0LjIKCQkJQzQwLDEzNi45LDQwLjYsMTM3LjIsNDEuMiwxMzcuNXoiLz4KCTwvZz4KCTxwb2x5Z29uIGNsYXNzPSJzdDAiIHBvaW50cz0iOTkuMSw4Mi40IDk0LjMsNzcuNyA4OC40LDgzLjYgODIuNCw3Ny43IDc3LjcsODIuNCA4My43LDg4LjMgNzcuNyw5NC4zIDgyLjQsOTkgODguNCw5MyA5NC4zLDk5IAoJCTk5LjEsOTQuMyA5My4xLDg4LjMgCSIvPgoJPHBvbHlnb24gY2xhc3M9InN0MCIgcG9pbnRzPSIxOTQsMTc1LjIgMTg5LjMsMTcwLjUgMTgzLjMsMTc2LjUgMTc3LjMsMTcwLjUgMTcyLjYsMTc1LjIgMTc4LjYsMTgxLjIgMTcyLjYsMTg3LjEgMTc3LjMsMTkxLjggCgkJMTgzLjMsMTg1LjkgMTg5LjMsMTkxLjggMTk0LDE4Ny4xIDE4OCwxODEuMiAJIi8+Cgk8cG9seWdvbiBjbGFzcz0ic3QwIiBwb2ludHM9IjE5NCwyMi45IDE4OS4zLDE4LjIgMTgzLjMsMjQuMSAxNzcuMywxOC4yIDE3Mi42LDIyLjkgMTc4LjYsMjguOCAxNzIuNiwzNC44IDE3Ny4zLDM5LjUgMTgzLjMsMzMuNSAKCQkxODkuMywzOS41IDE5NCwzNC44IDE4OCwyOC44IAkiLz4KCTxnPgoJCTxnPgoJCQk8cGF0aCBjbGFzcz0ic3QwIiBkPSJNMTU2LjYsNTUuM2MxMi43LDEzLjIsMjAuMSwzMC45LDIwLjEsNDkuN2MwLDM5LjUtMzIuMSw3MS42LTcxLjYsNzEuNmMtMTguOCwwLTM2LjYtNy40LTQ5LjctMjAuMQoJCQkJYzYsMS4zLDEyLjIsMiwxOC40LDJjNDYuOCwwLDg0LjktMzguMSw4NC45LTg0LjlDMTU4LjYsNjcuNCwxNTcuOSw2MS4zLDE1Ni42LDU1LjMgTTE0Mi40LDM2LjJjNi4xLDExLjEsOS41LDIzLjksOS41LDM3LjQKCQkJCWMwLDQzLjItMzUsNzguMy03OC4zLDc4LjNjLTEzLjUsMC0yNi4zLTMuNC0zNy40LTkuNWMxMy4zLDI0LjMsMzkuMSw0MC45LDY4LjgsNDAuOWM0My4yLDAsNzguMy0zNSw3OC4zLTc4LjMKCQkJCUMxODMuMyw3NS4zLDE2Ni44LDQ5LjUsMTQyLjQsMzYuMkwxNDIuNCwzNi4yeiIvPgoJCTwvZz4KCTwvZz4KPC9nPgo8L3N2Zz4K\" alt=\"\u00d6vervakning 24\/7\" class=\"\">\u00d6vervakning 24\/7<\/div>\n            <div><img src=\"data:image\/svg+xml;base64,PD94bWwgdmVyc2lvbj0iMS4wIiBlbmNvZGluZz0idXRmLTgiPz4KPCEtLSBHZW5lcmF0b3I6IEFkb2JlIElsbHVzdHJhdG9yIDI0LjMuMCwgU1ZHIEV4cG9ydCBQbHVnLUluIC4gU1ZHIFZlcnNpb246IDYuMDAgQnVpbGQgMCkgIC0tPgo8c3ZnIHZlcnNpb249IjEuMSIgaWQ9IndvcmsiIHhtbG5zPSJodHRwOi8vd3d3LnczLm9yZy8yMDAwL3N2ZyIgeG1sbnM6eGxpbms9Imh0dHA6Ly93d3cudzMub3JnLzE5OTkveGxpbmsiIHg9IjBweCIgeT0iMHB4IgoJIHZpZXdCb3g9IjAgMCAyMTAgMjEwIiBzdHlsZT0iZW5hYmxlLWJhY2tncm91bmQ6bmV3IDAgMCAyMTAgMjEwOyIgeG1sOnNwYWNlPSJwcmVzZXJ2ZSI+CjxzdHlsZSB0eXBlPSJ0ZXh0L2NzcyI+Cgkuc3Qwe2ZpbGw6IzEwMkQ0Nzt9Cgkuc3Qxe2ZpbGw6bm9uZTt9Cgkuc3Qye2ZpbGw6IzAwQkVGNjt9Cjwvc3R5bGU+CjxnPgoJPHBhdGggY2xhc3M9InN0MCIgZD0iTTE2Ny4zLDkyLjRsMC0wLjFsLTAuMywwLjFjLTAuOC0wLjEtMS42LTAuMi0yLjQtMC4zbC0wLjEsMC44bC00LjEsMC45bDAsMC4yYzAuMSwwLjcsMC4zLDEuNSwwLjQsMi4yCgkJbDAuNCwyLjdsMi44LDAuMmMxNi4yLDEuMiwyOC45LDE0LjksMjguOSwzMS4yYzAsMTcuMi0xNCwzMS4zLTMxLjMsMzEuM0gxMDV2N2g1Ni42YzIxLjEsMCwzOC4zLTE3LjIsMzguMy0zOC4zCgkJQzE5OS45LDExMS4zLDE4NS44LDk1LjIsMTY3LjMsOTIuNHoiLz4KCTxwYXRoIGNsYXNzPSJzdDAiIGQ9Ik01MS4zLDE2MS41Yy0xOS4xLDAtMzQuNi0xNS41LTM0LjYtMzQuNmMwLTAuNiwwLTEuMiwwLTEuN2MwLTAuMSwwLTAuMywwLTAuNGMwLTAuNCwwLjEtMC45LDAuMS0xLjMKCQljMC0wLjEsMC0wLjMsMC0wLjRjMC0wLjQsMC4xLTAuOSwwLjItMS4zYzAtMC4xLDAtMC4yLDAuMS0wLjNjMC4xLTAuNSwwLjItMC45LDAuMy0xLjRjMC0wLjEsMC0wLjEsMC0wLjIKCQljMi44LTEzLjQsMTMuNC0yNC4xLDI2LjktMjYuOGMwLjIsMCwwLjQtMC4xLDAuNi0wLjFjMC4zLTAuMSwwLjYtMC4xLDEtMC4yYzAuNS0wLjEsMC45LTAuMSwxLjQtMC4yYzEuMy0wLjIsMi42LTAuMiw0LTAuMgoJCWM5LjIsMCwxNy45LDMuNiwyNC41LDEwLjFsNC45LTQuOWMtNy45LTcuOS0xOC4zLTEyLjItMjkuNC0xMi4yYy0xLjUsMC0zLDAuMS00LjUsMC4zbDAsMGMtMC4xLDAtMC4yLDAtMC4zLDAKCQljLTAuNiwwLjEtMS4xLDAuMS0xLjcsMC4yYy0wLjIsMC0wLjQsMC4xLTAuNiwwLjFjLTAuNCwwLjEtMC45LDAuMS0xLjMsMC4yYy0xNS43LDMuMi0yOCwxNS4xLTMxLjksMzAuNGMwLDAsMCwwLDAsMAoJCWMtMC4yLDAuNi0wLjMsMS4yLTAuNCwxLjljMCwwLjEsMCwwLjIsMCwwLjJjLTAuMSwwLjYtMC4yLDEuMS0wLjMsMS43YzAsMC4xLDAsMC4zLTAuMSwwLjRjLTAuMSwwLjUtMC4xLDEtMC4yLDEuNgoJCWMwLDAuMiwwLDAuMy0wLjEsMC41Yy0wLjEsMC41LTAuMSwxLTAuMSwxLjVjMCwwLjIsMCwwLjQsMCwwLjVjMCwwLjctMC4xLDEuNC0wLjEsMi4xYzAsMjIuOSwxOC43LDQxLjYsNDEuNiw0MS42SDEwNXYtN0g1MS4zeiIvPgoJPGc+CgkJPHBhdGggY2xhc3M9InN0MCIgZD0iTTEwNSw0OC41di03Yy0yNSwwLTQ3LjUsMTQuOC01Ny43LDM3YzEuMy0wLjEsMi43LTAuMiw0LTAuMmMxLjMsMCwyLjYsMC4xLDMuOCwwLjIKCQkJQzY0LjgsNjAuNCw4My44LDQ4LjUsMTA1LDQ4LjV6Ii8+Cgk8L2c+Cgk8cGF0aCBjbGFzcz0ic3QwIiBkPSJNMTYwLjQsOTMuN2MtMC41LTIuNS0xLjItNS0yLTcuNEMxNTAuNCw2My43LDEyOSw0OC41LDEwNSw0OC41di03YzI3LDAsNTEuMSwxNy4xLDYwLDQyLjUKCQljMC45LDIuNywxLjcsNS41LDIuMyw4LjNMMTYwLjQsOTMuN3oiLz4KPC9nPgo8L3N2Zz4K\" alt=\"Google Cloud\" class=\"\">Google Cloud<\/div>\n            <div><img src=\"data:image\/svg+xml;base64,PD94bWwgdmVyc2lvbj0iMS4wIiBlbmNvZGluZz0idXRmLTgiPz4KPCEtLSBHZW5lcmF0b3I6IEFkb2JlIElsbHVzdHJhdG9yIDI0LjMuMCwgU1ZHIEV4cG9ydCBQbHVnLUluIC4gU1ZHIFZlcnNpb246IDYuMDAgQnVpbGQgMCkgIC0tPgo8c3ZnIHZlcnNpb249IjEuMSIgaWQ9IndvcmsiIHhtbG5zPSJodHRwOi8vd3d3LnczLm9yZy8yMDAwL3N2ZyIgeG1sbnM6eGxpbms9Imh0dHA6Ly93d3cudzMub3JnLzE5OTkveGxpbmsiIHg9IjBweCIgeT0iMHB4IgoJIHZpZXdCb3g9IjAgMCAyMTAgMjEwIiBzdHlsZT0iZW5hYmxlLWJhY2tncm91bmQ6bmV3IDAgMCAyMTAgMjEwOyIgeG1sOnNwYWNlPSJwcmVzZXJ2ZSI+CjxzdHlsZSB0eXBlPSJ0ZXh0L2NzcyI+Cgkuc3Qwe2ZpbGw6IzEwMkQ0Nzt9Cgkuc3Qxe2ZpbGw6bm9uZTt9Cgkuc3Qye2ZpbGw6IzAwQkVGNjt9Cjwvc3R5bGU+CjxnPgoJCgkJPHJlY3QgeD0iNzIuOSIgeT0iMTEyLjIiIHRyYW5zZm9ybT0ibWF0cml4KDAuNDUwOSAtMC44OTI2IDAuODkyNiAwLjQ1MDkgLTQ1LjY0NzQgMTU3LjI3MjMpIiBjbGFzcz0ic3QwIiB3aWR0aD0iNjQuMiIgaGVpZ2h0PSI3Ii8+Cgk8Zz4KCQk8Zz4KCQkJPHBvbHlnb24gY2xhc3M9InN0MCIgcG9pbnRzPSIxMzMuMywxNDQgMTI4LjQsMTM5LjEgMTUxLjcsMTE1LjcgMTI4LjQsOTIuNCAxMzMuMyw4Ny40IDE2MS42LDExNS43IAkJCSIvPgoJCQk8cG9seWdvbiBjbGFzcz0ic3QwIiBwb2ludHM9Ijc2LjcsMTQ0IDQ4LjQsMTE1LjcgNzYuNyw4Ny40IDgxLjYsOTIuNCA1OC4zLDExNS43IDgxLjYsMTM5LjEgCQkJIi8+CgkJPC9nPgoJPC9nPgoJPHBhdGggY2xhc3M9InN0MCIgZD0iTTE2LjcsNDEuMXYxMjcuOGgxNzYuNVY0MS4xSDE2Ljd6IE0xODYuMyw0OC4xVjYySDIzLjdWNDguMUgxODYuM3ogTTIzLjcsMTYxLjlWNjloMTYyLjV2OTIuOUgyMy43eiIvPgo8L2c+Cjwvc3ZnPgo=\" alt=\"Developer Tools\" class=\"\">Verktyg f\u00f6r utvecklare<\/div>\n            <div><img src=\"data:image\/svg+xml;base64,PD94bWwgdmVyc2lvbj0iMS4wIiBlbmNvZGluZz0idXRmLTgiPz4KPCEtLSBHZW5lcmF0b3I6IEFkb2JlIElsbHVzdHJhdG9yIDI0LjMuMCwgU1ZHIEV4cG9ydCBQbHVnLUluIC4gU1ZHIFZlcnNpb246IDYuMDAgQnVpbGQgMCkgIC0tPgo8c3ZnIHZlcnNpb249IjEuMSIgaWQ9IndvcmsiIHhtbG5zPSJodHRwOi8vd3d3LnczLm9yZy8yMDAwL3N2ZyIgeG1sbnM6eGxpbms9Imh0dHA6Ly93d3cudzMub3JnLzE5OTkveGxpbmsiIHg9IjBweCIgeT0iMHB4IgoJIHZpZXdCb3g9IjAgMCAyMTAgMjEwIiBzdHlsZT0iZW5hYmxlLWJhY2tncm91bmQ6bmV3IDAgMCAyMTAgMjEwOyIgeG1sOnNwYWNlPSJwcmVzZXJ2ZSI+CjxzdHlsZSB0eXBlPSJ0ZXh0L2NzcyI+Cgkuc3Qwe2ZpbGw6IzEwMkQ0Nzt9Cgkuc3Qxe2ZpbGw6bm9uZTt9Cgkuc3Qye2ZpbGw6IzAwQkVGNjt9Cjwvc3R5bGU+CjxnPgoJPHBvbHlnb24gY2xhc3M9InN0MCIgcG9pbnRzPSIxOTUuNSw0NC4xIDEzNi41LDQ0LjEgMTM0LjIsNTEuMSAxODguNSw1MS4xIDE4OC41LDY0LjkgMTI5LjUsNjQuOSAxMjcuMiw3MS45IDE4OC41LDcxLjkgMTg4LjUsMTY1IAoJCTk1LjksMTY1IDkzLjYsMTcyIDE5NS41LDE3MiAJIi8+Cgk8Zz4KCQk8cG9seWdvbiBjbGFzcz0ic3QwIiBwb2ludHM9IjIxLjUsMTU4LjkgMjEuNSw2NS45IDEwNy4xLDY1LjkgMTA5LjQsNTguOSAyMS41LDU4LjkgMjEuNSw0NSAxMTQuMSw0NSAxMTYuNCwzOCAxNC41LDM4IAoJCQkxNC41LDE2NS45IDczLjUsMTY1LjkgNzUuOCwxNTguOSAJCSIvPgoJPC9nPgoJCgkJPHJlY3QgeD0iMTguMSIgeT0iMTAxLjUiIHRyYW5zZm9ybT0ibWF0cml4KDAuMzE4NCAtMC45NDggMC45NDggMC4zMTg0IC0yNy45NjgxIDE3MS4xMDI5KSIgY2xhc3M9InN0MCIgd2lkdGg9IjE3My45IiBoZWlnaHQ9IjciLz4KPC9nPgo8L3N2Zz4K\" alt=\"staging\" class=\"\">1-click staging<\/div>\n            <div><img src=\"data:image\/svg+xml;base64,PD94bWwgdmVyc2lvbj0iMS4wIiBlbmNvZGluZz0idXRmLTgiPz4KPCEtLSBHZW5lcmF0b3I6IEFkb2JlIElsbHVzdHJhdG9yIDI0LjMuMCwgU1ZHIEV4cG9ydCBQbHVnLUluIC4gU1ZHIFZlcnNpb246IDYuMDAgQnVpbGQgMCkgIC0tPgo8c3ZnIHZlcnNpb249IjEuMSIgaWQ9IndvcmsiIHhtbG5zPSJodHRwOi8vd3d3LnczLm9yZy8yMDAwL3N2ZyIgeG1sbnM6eGxpbms9Imh0dHA6Ly93d3cudzMub3JnLzE5OTkveGxpbmsiIHg9IjBweCIgeT0iMHB4IgoJIHZpZXdCb3g9IjAgMCAyMTAgMjEwIiBzdHlsZT0iZW5hYmxlLWJhY2tncm91bmQ6bmV3IDAgMCAyMTAgMjEwOyIgeG1sOnNwYWNlPSJwcmVzZXJ2ZSI+CjxzdHlsZSB0eXBlPSJ0ZXh0L2NzcyI+Cgkuc3Qwe2ZpbGw6IzEwMkQ0Nzt9Cgkuc3Qxe2ZpbGw6bm9uZTt9Cgkuc3Qye2ZpbGw6IzAwQkVGNjt9Cjwvc3R5bGU+CjxnPgoJPGc+CgkJPHJlY3QgeD0iMTciIHk9IjQzLjEiIGNsYXNzPSJzdDEiIHdpZHRoPSIxMTAuMiIgaGVpZ2h0PSI4LjgiLz4KCQk8cGF0aCBjbGFzcz0ic3QwIiBkPSJNMTAsMzYuMXYxNS44djdWMTI2aDU4Ljh2LTdIMTdWNTguOWgxMTAuMlY3N2g3VjM2LjFIMTB6IE0xMjcuMiw1MS45SDE3di04LjhoMTEwLjJWNTEuOXoiLz4KCTwvZz4KCTxwYXRoIGNsYXNzPSJzdDAiIGQ9Ik03NS44LDg0djg5LjlIMjAwdi02Ny4xdi03Vjg0SDc1Ljh6IE0xOTMsMTY2LjlIODIuOHYtNjAuMUgxOTNWMTY2Ljl6IE04Mi44LDk5LjhWOTFIMTkzdjguOEg4Mi44eiIvPgoJPHBvbHlnb24gY2xhc3M9InN0MCIgcG9pbnRzPSIxNTQuMiw1Mi45IDE2MS4zLDQ1LjggMTU2LjQsNDAuOSAxNDAuOCw1Ni40IDE1Ni40LDcxLjkgMTYxLjMsNjcgMTU0LjIsNTkuOSAxNzcsNTkuOSAxNzcsNzcgMTg0LDc3IAoJCTE4NCw1Mi45IAkiLz4KCTxwb2x5Z29uIGNsYXNzPSJzdDAiIHBvaW50cz0iNTMuOSwxMzguMSA0OSwxNDMgNTYuMSwxNTAuMSAzMy4zLDE1MC4xIDMzLjMsMTMzIDI2LjMsMTMzIDI2LjMsMTU3LjEgNTYuMSwxNTcuMSA0OSwxNjQuMiAKCQk1My45LDE2OS4xIDY5LjQsMTUzLjYgCSIvPgo8L2c+Cjwvc3ZnPgo=\" alt=\"Kontodelning\" class=\"\">Kontodelning<\/div>\n          <\/div>\n        <\/div>\n\n\n        <\/div>\n    <\/section>\n\n<style>\n    body {\n        background-color: #e3f8f3;\n    }\n<\/style>\n","protected":false},"excerpt":{"rendered":"","protected":false},"author":7,"featured_media":0,"parent":0,"menu_order":0,"comment_status":"closed","ping_status":"closed","template":"page-agencies-sv.php","meta":[],"acf":[],"yoast_head":"<!-- This site is optimized with the Yoast SEO plugin v18.9 - https:\/\/yoast.com\/wordpress\/plugins\/seo\/ -->\n<title>Managed hosting f\u00f6r WordPress-byr\u00e5er, stora som sm\u00e5 | Templ<\/title>\n<meta name=\"description\" content=\"Fokusera p\u00e5 det du g\u00f6r b\u00e4st - bygga grymma hemsidor som g\u00f6r kunderna glada. St\u00f6ter du p\u00e5 problem med kod, beh\u00f6ver fels\u00f6ka, eller vill uppdatera WordPress, s\u00e5 st\u00e5r Templ redo att hj\u00e4lpa till.\" \/>\n<meta name=\"robots\" content=\"index, follow, max-snippet:-1, max-image-preview:large, max-video-preview:-1\" \/>\n<link rel=\"canonical\" href=\"https:\/\/dev.clone.templ.io\/sv\/webbyraer\/\" \/>\n<meta property=\"og:locale\" content=\"sv_SE\" \/>\n<meta property=\"og:type\" content=\"article\" \/>\n<meta property=\"og:title\" content=\"Managed hosting f\u00f6r WordPress-byr\u00e5er, stora som sm\u00e5 | Templ\" \/>\n<meta property=\"og:description\" content=\"Fokusera p\u00e5 det du g\u00f6r b\u00e4st - bygga grymma hemsidor som g\u00f6r kunderna glada. St\u00f6ter du p\u00e5 problem med kod, beh\u00f6ver fels\u00f6ka, eller vill uppdatera WordPress, s\u00e5 st\u00e5r Templ redo att hj\u00e4lpa till.\" \/>\n<meta property=\"og:url\" content=\"https:\/\/dev.clone.templ.io\/sv\/webbyraer\/\" \/>\n<meta property=\"og:site_name\" content=\"Templ\" \/>\n<meta property=\"article:publisher\" content=\"https:\/\/www.facebook.com\/templhosting\/\" \/>\n<meta property=\"article:modified_time\" content=\"2021-10-29T13:06:22+00:00\" \/>\n<meta property=\"og:image\" content=\"https:\/\/dev.clone.templ.io\/app\/uploads\/2021\/10\/og-image-templ.png\" \/>\n\t<meta property=\"og:image:width\" content=\"1200\" \/>\n\t<meta property=\"og:image:height\" content=\"630\" \/>\n\t<meta property=\"og:image:type\" content=\"image\/png\" \/>\n<meta name=\"twitter:card\" content=\"summary_large_image\" \/>\n<meta name=\"twitter:site\" content=\"@templ_io\" \/>\n<meta name=\"twitter:label1\" content=\"Ber\u00e4knad l\u00e4stid\" \/>\n\t<meta name=\"twitter:data1\" content=\"1 minut\" \/>\n<script type=\"application\/ld+json\" class=\"yoast-schema-graph\">{\n\t    \"@context\": \"https:\/\/schema.org\",\n\t    \"@graph\": [\n\t        {\n\t            \"@type\": \"Organization\",\n\t            \"@id\": \"https:\/\/dev.clone.templ.io\/#organization\",\n\t            \"name\": \"Templ.io\",\n\t            \"url\": \"https:\/\/dev.clone.templ.io\/\",\n\t            \"sameAs\": [\n\t                \"https:\/\/www.instagram.com\/templ.io\/\",\n\t                \"https:\/\/www.linkedin.com\/company\/wootemple\/\",\n\t                \"https:\/\/www.youtube.com\/channel\/UC0bdV8I5teQzS2GhqCECx_Q\",\n\t                \"https:\/\/www.facebook.com\/templhosting\/\",\n\t                \"https:\/\/twitter.com\/templ_io\"\n\t            ],\n\t            \"logo\": {\n\t                \"@type\": \"ImageObject\",\n\t                \"inLanguage\": \"sv-SE\",\n\t                \"@id\": \"https:\/\/dev.clone.templ.io\/#\/schema\/logo\/image\/\",\n\t                \"url\": \"https:\/\/dev.clone.templ.io\/app\/uploads\/2021\/09\/templ-logo-blue.png\",\n\t                \"contentUrl\": \"https:\/\/dev.clone.templ.io\/app\/uploads\/2021\/09\/templ-logo-blue.png\",\n\t                \"width\": 1000,\n\t                \"height\": 336,\n\t                \"caption\": \"Templ.io\"\n\t            },\n\t            \"image\": {\n\t                \"@id\": \"https:\/\/dev.clone.templ.io\/#\/schema\/logo\/image\/\"\n\t            },\n\t            \"description\": \"Templ makes managing WordPress websites effortless. We help online shops, blogs, and business websites perform to their fullest potential. In an industry obsessed with tech, we value the human touch.\",\n\t            \"address\": {\n\t                \"@type\": \"PostalAddress\",\n\t                \"streetAddress\": \"K\u00e4rnbogatan 20\",\n\t                \"addressLocality\": \"Mariefred\",\n\t                \"addressRegion\": \"S\u00f6dermanlands l\u00e4n\",\n\t                \"postalCode\": \"647 33\",\n\t                \"addressCountry\": \"Sweden\"\n\t            },\n\t            \"contactPoint\": {\n\t                \"@type\": \"ContactPoint\",\n\t                \"telephone\": \"+46 8 559 25 681\",\n\t                \"contactType\": \"customer service\"\n\t            },\n\t            \"aggregateRating\": {\n\t                \"@type\": \"AggregateRating\",\n\t                \"ratingValue\": \"5.0\",\n\t                \"reviewCount\": \"108\"\n\t            }\n\t        },\n\t        {\n\t            \"@type\": \"WebSite\",\n\t            \"@id\": \"https:\/\/dev.clone.templ.io\/#website\",\n\t            \"url\": \"https:\/\/dev.clone.templ.io\/\",\n\t            \"name\": \"Templ\",\n\t            \"description\": \"Managed Google Cloud WordPress hosting made simple\",\n\t            \"publisher\": {\n\t                \"@id\": \"https:\/\/dev.clone.templ.io\/#organization\"\n\t            },\n\t            \"potentialAction\": [],\n\t            \"inLanguage\": \"sv-SE\"\n\t        },\n\t        {\n\t            \"@type\": \"WebPage\",\n\t            \"@id\": \"https:\/\/dev.clone.templ.io\/sv\/webbyraer\/#webpage\",\n\t            \"url\": \"https:\/\/dev.clone.templ.io\/sv\/webbyraer\/\",\n\t            \"name\": \"Managed hosting f\u00f6r WordPress-byr\u00e5er, stora som sm\u00e5 | Templ\",\n\t            \"isPartOf\": {\n\t                \"@id\": \"https:\/\/dev.clone.templ.io\/#website\"\n\t            },\n\t            \"datePublished\": \"2018-07-30T11:53:32+00:00\",\n\t            \"dateModified\": \"2021-10-29T13:06:22+00:00\",\n\t            \"description\": \"Fokusera p\u00e5 det du g\u00f6r b\u00e4st - bygga grymma hemsidor som g\u00f6r kunderna glada. St\u00f6ter du p\u00e5 problem med kod, beh\u00f6ver fels\u00f6ka, eller vill uppdatera WordPress, s\u00e5 st\u00e5r Templ redo att hj\u00e4lpa till.\",\n\t            \"breadcrumb\": {\n\t                \"@id\": \"https:\/\/dev.clone.templ.io\/sv\/webbyraer\/#breadcrumb\"\n\t            },\n\t            \"inLanguage\": \"sv-SE\",\n\t            \"potentialAction\": [\n\t                {\n\t                    \"@type\": \"ReadAction\",\n\t                    \"target\": [\n\t                        \"https:\/\/dev.clone.templ.io\/sv\/webbyraer\/\"\n\t                    ]\n\t                }\n\t            ]\n\t        },\n\t        {\n\t            \"@type\": \"BreadcrumbList\",\n\t            \"@id\": \"https:\/\/dev.clone.templ.io\/sv\/webbyraer\/#breadcrumb\",\n\t            \"itemListElement\": [\n\t                {\n\t                    \"@type\": \"ListItem\",\n\t                    \"position\": 1,\n\t                    \"name\": \"Home\",\n\t                    \"item\": \"https:\/\/dev.clone.templ.io\/sv\/\"\n\t                },\n\t                {\n\t                    \"@type\": \"ListItem\",\n\t                    \"position\": 2,\n\t                    \"name\": \"Templ f\u00f6r webbyr\u00e5er och frilansare\"\n\t                }\n\t            ]\n\t        }\n\t    ]\n\t}<\/script>\n<!-- \/ Yoast SEO plugin. -->","yoast_head_json":{"title":"Managed hosting f\u00f6r WordPress-byr\u00e5er, stora som sm\u00e5 | Templ","description":"Fokusera p\u00e5 det du g\u00f6r b\u00e4st - bygga grymma hemsidor som g\u00f6r kunderna glada. St\u00f6ter du p\u00e5 problem med kod, beh\u00f6ver fels\u00f6ka, eller vill uppdatera WordPress, s\u00e5 st\u00e5r Templ redo att hj\u00e4lpa till.","robots":{"index":"index","follow":"follow","max-snippet":"max-snippet:-1","max-image-preview":"max-image-preview:large","max-video-preview":"max-video-preview:-1"},"canonical":"https:\/\/dev.clone.templ.io\/sv\/webbyraer\/","og_locale":"sv_SE","og_type":"article","og_title":"Managed hosting f\u00f6r WordPress-byr\u00e5er, stora som sm\u00e5 | Templ","og_description":"Fokusera p\u00e5 det du g\u00f6r b\u00e4st - bygga grymma hemsidor som g\u00f6r kunderna glada. St\u00f6ter du p\u00e5 problem med kod, beh\u00f6ver fels\u00f6ka, eller vill uppdatera WordPress, s\u00e5 st\u00e5r Templ redo att hj\u00e4lpa till.","og_url":"https:\/\/dev.clone.templ.io\/sv\/webbyraer\/","og_site_name":"Templ","article_publisher":"https:\/\/www.facebook.com\/templhosting\/","article_modified_time":"2021-10-29T13:06:22+00:00","og_image":[{"width":1200,"height":630,"url":"https:\/\/dev.clone.templ.io\/app\/uploads\/2021\/10\/og-image-templ.png","type":"image\/png"}],"twitter_card":"summary_large_image","twitter_site":"@templ_io","twitter_misc":{"Ber\u00e4knad l\u00e4stid":"1 minut"},"schema":{"@context":"https:\/\/schema.org","@graph":[{"@type":"Organization","@id":"https:\/\/dev.clone.templ.io\/#organization","name":"Templ.io","url":"https:\/\/dev.clone.templ.io\/","sameAs":["https:\/\/www.instagram.com\/templ.io\/","https:\/\/www.linkedin.com\/company\/wootemple\/","https:\/\/www.youtube.com\/channel\/UC0bdV8I5teQzS2GhqCECx_Q","https:\/\/www.facebook.com\/templhosting\/","https:\/\/twitter.com\/templ_io"],"logo":{"@type":"ImageObject","inLanguage":"sv-SE","@id":"https:\/\/dev.clone.templ.io\/#\/schema\/logo\/image\/","url":"https:\/\/dev.clone.templ.io\/app\/uploads\/2021\/09\/templ-logo-blue.png","contentUrl":"https:\/\/dev.clone.templ.io\/app\/uploads\/2021\/09\/templ-logo-blue.png","width":1000,"height":336,"caption":"Templ.io"},"image":{"@id":"https:\/\/dev.clone.templ.io\/#\/schema\/logo\/image\/"},"description":"Templ makes managing WordPress websites effortless. We help online shops, blogs, and business websites perform to their fullest potential. In an industry obsessed with tech, we value the human touch.","address":{"@type":"PostalAddress","streetAddress":"K\u00e4rnbogatan 20","addressLocality":"Mariefred","addressRegion":"S\u00f6dermanlands l\u00e4n","postalCode":"647 33","addressCountry":"Sweden"},"contactPoint":{"@type":"ContactPoint","telephone":"+46 8 559 25 681","contactType":"customer service"},"aggregateRating":{"@type":"AggregateRating","ratingValue":"5.0","reviewCount":"108"}},{"@type":"WebSite","@id":"https:\/\/dev.clone.templ.io\/#website","url":"https:\/\/dev.clone.templ.io\/","name":"Templ","description":"Managed Google Cloud WordPress hosting made simple","publisher":{"@id":"https:\/\/dev.clone.templ.io\/#organization"},"potentialAction":[],"inLanguage":"sv-SE"},{"@type":"WebPage","@id":"https:\/\/dev.clone.templ.io\/sv\/webbyraer\/#webpage","url":"https:\/\/dev.clone.templ.io\/sv\/webbyraer\/","name":"Managed hosting f\u00f6r WordPress-byr\u00e5er, stora som sm\u00e5 | Templ","isPartOf":{"@id":"https:\/\/dev.clone.templ.io\/#website"},"datePublished":"2018-07-30T11:53:32+00:00","dateModified":"2021-10-29T13:06:22+00:00","description":"Fokusera p\u00e5 det du g\u00f6r b\u00e4st - bygga grymma hemsidor som g\u00f6r kunderna glada. St\u00f6ter du p\u00e5 problem med kod, beh\u00f6ver fels\u00f6ka, eller vill uppdatera WordPress, s\u00e5 st\u00e5r Templ redo att hj\u00e4lpa till.","breadcrumb":{"@id":"https:\/\/dev.clone.templ.io\/sv\/webbyraer\/#breadcrumb"},"inLanguage":"sv-SE","potentialAction":[{"@type":"ReadAction","target":["https:\/\/dev.clone.templ.io\/sv\/webbyraer\/"]}]},{"@type":"BreadcrumbList","@id":"https:\/\/dev.clone.templ.io\/sv\/webbyraer\/#breadcrumb","itemListElement":[{"@type":"ListItem","position":1,"name":"Home","item":"https:\/\/dev.clone.templ.io\/sv\/"},{"@type":"ListItem","position":2,"name":"Templ f\u00f6r webbyr\u00e5er och frilansare"}]}]}},"_links":{"self":[{"href":"https:\/\/dev.clone.templ.io\/sv\/wp-json\/wp\/v2\/pages\/4896"}],"collection":[{"href":"https:\/\/dev.clone.templ.io\/sv\/wp-json\/wp\/v2\/pages"}],"about":[{"href":"https:\/\/dev.clone.templ.io\/sv\/wp-json\/wp\/v2\/types\/page"}],"author":[{"embeddable":true,"href":"https:\/\/dev.clone.templ.io\/sv\/wp-json\/wp\/v2\/users\/7"}],"replies":[{"embeddable":true,"href":"https:\/\/dev.clone.templ.io\/sv\/wp-json\/wp\/v2\/comments?post=4896"}],"version-history":[{"count":0,"href":"https:\/\/dev.clone.templ.io\/sv\/wp-json\/wp\/v2\/pages\/4896\/revisions"}],"wp:attachment":[{"href":"https:\/\/dev.clone.templ.io\/sv\/wp-json\/wp\/v2\/media?parent=4896"}],"curies":[{"name":"wp","href":"https:\/\/api.w.org\/{rel}","templated":true}]}}