{"id":4856,"date":"2018-07-29T07:40:36","date_gmt":"2018-07-29T05:40:36","guid":{"rendered":"https:\/\/templ.local\/?page_id=4856"},"modified":"2021-09-29T08:28:01","modified_gmt":"2021-09-29T06:28:01","slug":"priser","status":"publish","type":"page","link":"https:\/\/dev.clone.templ.io\/sv\/priser\/","title":{"rendered":"Priser"},"content":{"rendered":"","protected":false},"excerpt":{"rendered":"","protected":false},"author":1,"featured_media":0,"parent":0,"menu_order":0,"comment_status":"closed","ping_status":"closed","template":"page-pricing-sv.php","meta":[],"acf":[],"yoast_head":"<!-- This site is optimized with the Yoast SEO plugin v18.9 - https:\/\/yoast.com\/wordpress\/plugins\/seo\/ -->\n<title>Priser | Templ<\/title>\n<meta name=\"description\" content=\"Prisplaner utformade att v\u00e4xa med ditt f\u00f6retag. Betala endast f\u00f6r de resurser du beh\u00f6ver. Prova gratis i 10 dagar.\" \/>\n<meta name=\"robots\" content=\"index, follow, max-snippet:-1, max-image-preview:large, max-video-preview:-1\" \/>\n<link rel=\"canonical\" href=\"https:\/\/dev.clone.templ.io\/sv\/priser\/\" \/>\n<meta property=\"og:locale\" content=\"sv_SE\" \/>\n<meta property=\"og:type\" content=\"article\" \/>\n<meta property=\"og:title\" content=\"Priser | Templ\" \/>\n<meta property=\"og:description\" content=\"Prisplaner utformade att v\u00e4xa med ditt f\u00f6retag. Betala endast f\u00f6r de resurser du beh\u00f6ver. Prova gratis i 10 dagar.\" \/>\n<meta property=\"og:url\" content=\"https:\/\/dev.clone.templ.io\/sv\/priser\/\" \/>\n<meta property=\"og:site_name\" content=\"Templ\" \/>\n<meta property=\"article:publisher\" content=\"https:\/\/www.facebook.com\/templhosting\/\" \/>\n<meta property=\"article:modified_time\" content=\"2021-09-29T06:28:01+00:00\" \/>\n<meta property=\"og:image\" content=\"https:\/\/dev.clone.templ.io\/app\/uploads\/2021\/10\/og-image-templ.png\" \/>\n\t<meta property=\"og:image:width\" content=\"1200\" \/>\n\t<meta property=\"og:image:height\" content=\"630\" \/>\n\t<meta property=\"og:image:type\" content=\"image\/png\" \/>\n<meta name=\"twitter:card\" content=\"summary_large_image\" \/>\n<meta name=\"twitter:site\" content=\"@templ_io\" \/>\n<script type=\"application\/ld+json\" class=\"yoast-schema-graph\">{\n\t    \"@context\": \"https:\/\/schema.org\",\n\t    \"@graph\": [\n\t        {\n\t            \"@type\": \"Organization\",\n\t            \"@id\": \"https:\/\/dev.clone.templ.io\/#organization\",\n\t            \"name\": \"Templ.io\",\n\t            \"url\": \"https:\/\/dev.clone.templ.io\/\",\n\t            \"sameAs\": [\n\t                \"https:\/\/www.instagram.com\/templ.io\/\",\n\t                \"https:\/\/www.linkedin.com\/company\/wootemple\/\",\n\t                \"https:\/\/www.youtube.com\/channel\/UC0bdV8I5teQzS2GhqCECx_Q\",\n\t                \"https:\/\/www.facebook.com\/templhosting\/\",\n\t                \"https:\/\/twitter.com\/templ_io\"\n\t            ],\n\t            \"logo\": {\n\t                \"@type\": \"ImageObject\",\n\t                \"inLanguage\": \"sv-SE\",\n\t                \"@id\": \"https:\/\/dev.clone.templ.io\/#\/schema\/logo\/image\/\",\n\t                \"url\": \"https:\/\/dev.clone.templ.io\/app\/uploads\/2021\/09\/templ-logo-blue.png\",\n\t                \"contentUrl\": \"https:\/\/dev.clone.templ.io\/app\/uploads\/2021\/09\/templ-logo-blue.png\",\n\t                \"width\": 1000,\n\t                \"height\": 336,\n\t                \"caption\": \"Templ.io\"\n\t            },\n\t            \"image\": {\n\t                \"@id\": \"https:\/\/dev.clone.templ.io\/#\/schema\/logo\/image\/\"\n\t            },\n\t            \"description\": \"Templ makes managing WordPress websites effortless. We help online shops, blogs, and business websites perform to their fullest potential. In an industry obsessed with tech, we value the human touch.\",\n\t            \"address\": {\n\t                \"@type\": \"PostalAddress\",\n\t                \"streetAddress\": \"K\u00e4rnbogatan 20\",\n\t                \"addressLocality\": \"Mariefred\",\n\t                \"addressRegion\": \"S\u00f6dermanlands l\u00e4n\",\n\t                \"postalCode\": \"647 33\",\n\t                \"addressCountry\": \"Sweden\"\n\t            },\n\t            \"contactPoint\": {\n\t                \"@type\": \"ContactPoint\",\n\t                \"telephone\": \"+46 8 559 25 681\",\n\t                \"contactType\": \"customer service\"\n\t            },\n\t            \"aggregateRating\": {\n\t                \"@type\": \"AggregateRating\",\n\t                \"ratingValue\": \"5.0\",\n\t                \"reviewCount\": \"108\"\n\t            }\n\t        },\n\t        {\n\t            \"@type\": \"WebSite\",\n\t            \"@id\": \"https:\/\/dev.clone.templ.io\/#website\",\n\t            \"url\": \"https:\/\/dev.clone.templ.io\/\",\n\t            \"name\": \"Templ\",\n\t            \"description\": \"Managed Google Cloud WordPress hosting made simple\",\n\t            \"publisher\": {\n\t                \"@id\": \"https:\/\/dev.clone.templ.io\/#organization\"\n\t            },\n\t            \"potentialAction\": [],\n\t            \"inLanguage\": \"sv-SE\"\n\t        },\n\t        {\n\t            \"@type\": \"WebPage\",\n\t            \"@id\": \"https:\/\/dev.clone.templ.io\/sv\/priser\/#webpage\",\n\t            \"url\": \"https:\/\/dev.clone.templ.io\/sv\/priser\/\",\n\t            \"name\": \"Priser | Templ\",\n\t            \"isPartOf\": {\n\t                \"@id\": \"https:\/\/dev.clone.templ.io\/#website\"\n\t            },\n\t            \"datePublished\": \"2018-07-29T05:40:36+00:00\",\n\t            \"dateModified\": \"2021-09-29T06:28:01+00:00\",\n\t            \"description\": \"Prisplaner utformade att v\u00e4xa med ditt f\u00f6retag. Betala endast f\u00f6r de resurser du beh\u00f6ver. Prova gratis i 10 dagar.\",\n\t            \"breadcrumb\": {\n\t                \"@id\": \"https:\/\/dev.clone.templ.io\/sv\/priser\/#breadcrumb\"\n\t            },\n\t            \"inLanguage\": \"sv-SE\",\n\t            \"potentialAction\": [\n\t                {\n\t                    \"@type\": \"ReadAction\",\n\t                    \"target\": [\n\t                        \"https:\/\/dev.clone.templ.io\/sv\/priser\/\"\n\t                    ]\n\t                }\n\t            ]\n\t        },\n\t        {\n\t            \"@type\": \"BreadcrumbList\",\n\t            \"@id\": \"https:\/\/dev.clone.templ.io\/sv\/priser\/#breadcrumb\",\n\t            \"itemListElement\": [\n\t                {\n\t                    \"@type\": \"ListItem\",\n\t                    \"position\": 1,\n\t                    \"name\": \"Home\",\n\t                    \"item\": \"https:\/\/dev.clone.templ.io\/sv\/\"\n\t                },\n\t                {\n\t                    \"@type\": \"ListItem\",\n\t                    \"position\": 2,\n\t                    \"name\": \"Priser\"\n\t                }\n\t            ]\n\t        }\n\t    ]\n\t}<\/script>\n<!-- \/ Yoast SEO plugin. -->","yoast_head_json":{"title":"Priser | Templ","description":"Prisplaner utformade att v\u00e4xa med ditt f\u00f6retag. Betala endast f\u00f6r de resurser du beh\u00f6ver. Prova gratis i 10 dagar.","robots":{"index":"index","follow":"follow","max-snippet":"max-snippet:-1","max-image-preview":"max-image-preview:large","max-video-preview":"max-video-preview:-1"},"canonical":"https:\/\/dev.clone.templ.io\/sv\/priser\/","og_locale":"sv_SE","og_type":"article","og_title":"Priser | Templ","og_description":"Prisplaner utformade att v\u00e4xa med ditt f\u00f6retag. Betala endast f\u00f6r de resurser du beh\u00f6ver. Prova gratis i 10 dagar.","og_url":"https:\/\/dev.clone.templ.io\/sv\/priser\/","og_site_name":"Templ","article_publisher":"https:\/\/www.facebook.com\/templhosting\/","article_modified_time":"2021-09-29T06:28:01+00:00","og_image":[{"width":1200,"height":630,"url":"https:\/\/dev.clone.templ.io\/app\/uploads\/2021\/10\/og-image-templ.png","type":"image\/png"}],"twitter_card":"summary_large_image","twitter_site":"@templ_io","schema":{"@context":"https:\/\/schema.org","@graph":[{"@type":"Organization","@id":"https:\/\/dev.clone.templ.io\/#organization","name":"Templ.io","url":"https:\/\/dev.clone.templ.io\/","sameAs":["https:\/\/www.instagram.com\/templ.io\/","https:\/\/www.linkedin.com\/company\/wootemple\/","https:\/\/www.youtube.com\/channel\/UC0bdV8I5teQzS2GhqCECx_Q","https:\/\/www.facebook.com\/templhosting\/","https:\/\/twitter.com\/templ_io"],"logo":{"@type":"ImageObject","inLanguage":"sv-SE","@id":"https:\/\/dev.clone.templ.io\/#\/schema\/logo\/image\/","url":"https:\/\/dev.clone.templ.io\/app\/uploads\/2021\/09\/templ-logo-blue.png","contentUrl":"https:\/\/dev.clone.templ.io\/app\/uploads\/2021\/09\/templ-logo-blue.png","width":1000,"height":336,"caption":"Templ.io"},"image":{"@id":"https:\/\/dev.clone.templ.io\/#\/schema\/logo\/image\/"},"description":"Templ makes managing WordPress websites effortless. We help online shops, blogs, and business websites perform to their fullest potential. In an industry obsessed with tech, we value the human touch.","address":{"@type":"PostalAddress","streetAddress":"K\u00e4rnbogatan 20","addressLocality":"Mariefred","addressRegion":"S\u00f6dermanlands l\u00e4n","postalCode":"647 33","addressCountry":"Sweden"},"contactPoint":{"@type":"ContactPoint","telephone":"+46 8 559 25 681","contactType":"customer service"},"aggregateRating":{"@type":"AggregateRating","ratingValue":"5.0","reviewCount":"108"}},{"@type":"WebSite","@id":"https:\/\/dev.clone.templ.io\/#website","url":"https:\/\/dev.clone.templ.io\/","name":"Templ","description":"Managed Google Cloud WordPress hosting made simple","publisher":{"@id":"https:\/\/dev.clone.templ.io\/#organization"},"potentialAction":[],"inLanguage":"sv-SE"},{"@type":"WebPage","@id":"https:\/\/dev.clone.templ.io\/sv\/priser\/#webpage","url":"https:\/\/dev.clone.templ.io\/sv\/priser\/","name":"Priser | Templ","isPartOf":{"@id":"https:\/\/dev.clone.templ.io\/#website"},"datePublished":"2018-07-29T05:40:36+00:00","dateModified":"2021-09-29T06:28:01+00:00","description":"Prisplaner utformade att v\u00e4xa med ditt f\u00f6retag. Betala endast f\u00f6r de resurser du beh\u00f6ver. Prova gratis i 10 dagar.","breadcrumb":{"@id":"https:\/\/dev.clone.templ.io\/sv\/priser\/#breadcrumb"},"inLanguage":"sv-SE","potentialAction":[{"@type":"ReadAction","target":["https:\/\/dev.clone.templ.io\/sv\/priser\/"]}]},{"@type":"BreadcrumbList","@id":"https:\/\/dev.clone.templ.io\/sv\/priser\/#breadcrumb","itemListElement":[{"@type":"ListItem","position":1,"name":"Home","item":"https:\/\/dev.clone.templ.io\/sv\/"},{"@type":"ListItem","position":2,"name":"Priser"}]}]}},"_links":{"self":[{"href":"https:\/\/dev.clone.templ.io\/sv\/wp-json\/wp\/v2\/pages\/4856"}],"collection":[{"href":"https:\/\/dev.clone.templ.io\/sv\/wp-json\/wp\/v2\/pages"}],"about":[{"href":"https:\/\/dev.clone.templ.io\/sv\/wp-json\/wp\/v2\/types\/page"}],"author":[{"embeddable":true,"href":"https:\/\/dev.clone.templ.io\/sv\/wp-json\/wp\/v2\/users\/1"}],"replies":[{"embeddable":true,"href":"https:\/\/dev.clone.templ.io\/sv\/wp-json\/wp\/v2\/comments?post=4856"}],"version-history":[{"count":0,"href":"https:\/\/dev.clone.templ.io\/sv\/wp-json\/wp\/v2\/pages\/4856\/revisions"}],"wp:attachment":[{"href":"https:\/\/dev.clone.templ.io\/sv\/wp-json\/wp\/v2\/media?parent=4856"}],"curies":[{"name":"wp","href":"https:\/\/api.w.org\/{rel}","templated":true}]}}